{"id":1767,"date":"2019-07-09T13:43:37","date_gmt":"2019-07-09T11:43:37","guid":{"rendered":"https:\/\/www.taxi-zellamsee.at\/taxi-24h\/"},"modified":"2025-07-12T14:36:58","modified_gmt":"2025-07-12T12:36:58","slug":"taxi-24h","status":"publish","type":"page","link":"https:\/\/www.taxi-zellamsee.at\/de\/taxi-24h\/","title":{"rendered":"Taxi 24h"},"content":{"rendered":"<div class=\"wpb-content-wrapper\"><div class=\"ef3-gtb-block wp-block-\">[vc_row][vc_column width=&#8220;1\/2&#8243;][vc_column_text text_color=&#8220;#000000&#8243;]<\/p>\n<h1 class=\"style18fettorange\" style=\"text-align: center;\" align=\"center\"><strong>Taxi Zell am See\u00a0 Transfer Service\u00a0 \u00a024 Stunden<\/strong><\/h1>\n<p>&nbsp;<\/p>\n<p>&nbsp;<\/p>\n<p class=\"style\" style=\"text-align: center;\" align=\"justify\">Wir stehen 24 Stunden rund um die Uhr mit unseren komfortablen Fahrzeugen f\u00fcr Taxifahrten und Transfers, sowie f\u00fcr die An- und Abreise bereit.<\/p>\n<p class=\"style\" style=\"text-align: center;\" align=\"justify\">Unsere Mitarbeiter sind jederzeit f\u00fcr Sie da. Sie haben ausgezeichnete Ortskenntnisse, sind sehr diskret und sprechen mehrere Fremdsprachen.<\/p>\n<p class=\"style\" style=\"text-align: center;\" align=\"justify\">Ganz gleich, ob Sie sich f\u00fcr einen Transfer mitten in der Nacht oder zu einem Gesch\u00e4ftstermin entscheiden, unsere au\u00dfergew\u00f6hnlich moderne und gut gewartete Fahrzeugflotte steht immer f\u00fcr Ihren Transport bereit.<\/p>\n<p class=\"style\" style=\"text-align: center;\" align=\"justify\">Viele Unternehmen in Zell am See \/ Kaprun vertrauen uns bereits &#8211; tun auch Sie es!<\/p>\n<p class=\"style12fettorange\" style=\"text-align: center;\">Um einen Transfer zu buchen, rufen Sie uns bitte unter der Telefonnummer an:<\/p>\n<h3 style=\"text-align: center;\" align=\"center\">Taxizentrale:<\/h3>\n<h3 style=\"text-align: center;\" align=\"center\"><strong>+43 6542 73232<\/strong><\/h3>\n<h3 style=\"text-align: center;\" align=\"center\"><strong> +43 6542 70007<\/strong><\/h3>\n<h3 style=\"text-align: center;\" align=\"center\"><strong> +43 6547 70007<\/strong><\/h3>\n<p>&nbsp;<\/p>\n<h3 style=\"text-align: center;\" align=\"center\">Mobil 1:<\/h3>\n<h3 style=\"text-align: center;\" align=\"center\"><strong><span class=\"style14fettorange\">+43 664 444 03 44 <\/span><\/strong><\/h3>\n<p>&nbsp;<\/p>\n<p style=\"text-align: center;\">Taxi Zell am See \/ Kaprun<\/p>\n<p>[\/vc_column_text][\/vc_column][vc_column width=&#8220;1\/2&#8243;][vc_single_image image=&#8220;82&#8243; img_size=&#8220;1600&#215;1200&#8243;][vc_single_image image=&#8220;1234&#8243; img_size=&#8220;1600&#215;1200&#8243;][vc_single_image image=&#8220;1431&#8243; img_size=&#8220;1600&#215;1200&#8243;][\/vc_column][\/vc_row]<\/p><\/div>\n<\/div>","protected":false},"excerpt":{"rendered":"<p> [&hellip;]<\/p>\n","protected":false},"author":1,"featured_media":0,"parent":0,"menu_order":0,"comment_status":"closed","ping_status":"closed","template":"","meta":{"footnotes":""},"class_list":["post-1767","page","type-page","status-publish","hentry"],"_links":{"self":[{"href":"https:\/\/www.taxi-zellamsee.at\/de\/wp-json\/wp\/v2\/pages\/1767","targetHints":{"allow":["GET"]}}],"collection":[{"href":"https:\/\/www.taxi-zellamsee.at\/de\/wp-json\/wp\/v2\/pages"}],"about":[{"href":"https:\/\/www.taxi-zellamsee.at\/de\/wp-json\/wp\/v2\/types\/page"}],"author":[{"embeddable":true,"href":"https:\/\/www.taxi-zellamsee.at\/de\/wp-json\/wp\/v2\/users\/1"}],"replies":[{"embeddable":true,"href":"https:\/\/www.taxi-zellamsee.at\/de\/wp-json\/wp\/v2\/comments?post=1767"}],"version-history":[{"count":3,"href":"https:\/\/www.taxi-zellamsee.at\/de\/wp-json\/wp\/v2\/pages\/1767\/revisions"}],"predecessor-version":[{"id":1954,"href":"https:\/\/www.taxi-zellamsee.at\/de\/wp-json\/wp\/v2\/pages\/1767\/revisions\/1954"}],"wp:attachment":[{"href":"https:\/\/www.taxi-zellamsee.at\/de\/wp-json\/wp\/v2\/media?parent=1767"}],"curies":[{"name":"wp","href":"https:\/\/api.w.org\/{rel}","templated":true}]}}