{"id":1770,"date":"2019-07-14T22:39:55","date_gmt":"2019-07-14T20:39:55","guid":{"rendered":"https:\/\/www.taxi-zellamsee.at\/uebertragen-sie\/"},"modified":"2025-07-12T15:42:22","modified_gmt":"2025-07-12T13:42:22","slug":"flughafentaxi","status":"publish","type":"page","link":"https:\/\/www.taxi-zellamsee.at\/de\/flughafentaxi\/","title":{"rendered":"Flughafentaxi"},"content":{"rendered":"<div class=\"wpb-content-wrapper\"><div class=\"ef3-gtb-block wp-block-\">[vc_row][vc_column][vc_column_text text_color=&#8220;#000000&#8243;]<\/p>\n<h3 style=\"text-align: center;\"><strong>Flughafentransfer von\/nach Zell am See<\/strong><\/h3>\n<h3 style=\"text-align: center;\"><strong> Flughafen Shuttle von\/nach Zell am See<\/strong><\/h3>\n<p>[\/vc_column_text][\/vc_column][\/vc_row][vc_row][vc_column width=&#8220;1\/2&#8243;][vc_column_text text_color=&#8220;#000000&#8243;]<\/p>\n<p style=\"text-align: left;\">Wir bieten Flughafentransferdienste f\u00fcr Fluggesellschaften, Hotels und Einzelpersonen zu allen Zielorten in Zell am See \/ Kaprun, Saalbach &#8211; Hinterglemm &#8211; Pinzgau &#8211; Salzburger Land &#8211; \u00d6sterreich.<\/p>\n<p style=\"text-align: left;\">Wir fahren nat\u00fcrlich zu einem Ziel Ihrer Wahl im Ausland. F\u00fcr eine Fahrt zum oder vom Flughafen, (ob Salzburg, Innsbruck, Wien, Klagenfurt, Linz, Graz, M\u00fcnchen) frei von Stress und Hektik &#8211; um unsere Mitarbeiter zu gew\u00e4hrleisten.<\/p>\n<p style=\"text-align: left;\">Wir legen gro\u00dfen Wert auf Kundenzufriedenheit, Komfort und P\u00fcnktlichkeit. Unsere Taxis sind auf dem modernsten Stand, in einem gut gewarteten Zustand und bieten maximalen Komfort und Sicherheit.<\/p>\n<p style=\"text-align: left;\">Unsere Mitarbeiter sind erfahrene Fahrer, die \u00fcber ausgezeichnete Ortskenntnisse verf\u00fcgen, sehr gepflegt und sehr diskret sind und auch mehrere Fremdsprachen (Englisch, Deutsch, Serbokroatisch und Russisch) beherrschen.<\/p>\n<p style=\"text-align: left;\">Wir freuen uns auf Ihre Anfragen, Transfers und Ausfl\u00fcge aller Art zu jeder Tageszeit, sieben Tage die Woche, \u00fcberall in Europa. Steigen Sie ein und genie\u00dfen Sie unseren Flughafentransfer-Service, der Sie sicher und bequem an Ihr gew\u00fcnschtes Ziel bringt. Sehen Sie sich unsere Angebote an.<\/p>\n<p style=\"text-align: left;\">Die Transfers enden mit der Ankunft am Zielort. Alle Geb\u00fchren au\u00dfer der \u00f6sterreichischen Autobahnmaut sind nicht inbegriffen (z.B. Tunnelmaut, Parkgeb\u00fchren), 8 Sitzpl\u00e4tze pro Bus verf\u00fcgbar.<\/p>\n<p style=\"text-align: left;\">Bitte informieren Sie uns bei der Buchung, wenn Sie einen Kindersitz im Auto ben\u00f6tigen.<\/p>\n<p style=\"text-align: left;\">Bitte nutzen Sie unseren Flughafentransfer &#8211; Transfer &#8211; <strong>\u00a0<a href=\"http:\/\/www.taxi-zellamsee.at\/booking\/\">Flughafenservice Online-Buchung<\/a><\/strong> oder kontaktieren Sie uns per Telefon: <strong>+43 6542 73232<\/strong>.<\/p>\n<p style=\"text-align: center;\">Wir beraten Sie gerne!<\/p>\n<p>[\/vc_column_text][\/vc_column][vc_column width=&#8220;1\/2&#8243;][vc_single_image image=&#8220;1060&#8243; img_size=&#8220;1600&#215;1200&#8243;][vc_column_text]Wir verfolgen Ihren Flug, daher ben\u00f6tigen wir Ihre Flugnummer[\/vc_column_text][vc_single_image image=&#8220;1077&#8243; img_size=&#8220;1600&#215;1200&#8243;][vc_column_text]Wenn Sie fliegen, teilen wir Ihnen die genaue Abfahrtzeit mit, damit Sie rechtzeitig am Flughafen ankommen.[\/vc_column_text][vc_single_image image=&#8220;1433&#8243; img_size=&#8220;1600&#215;1200&#8243;][vc_column_text]Wenn Sie Fragen haben, rufen Sie uns einfach an und Sie erhalten alle Informationen.[\/vc_column_text][\/vc_column][\/vc_row][vc_row][vc_column][vc_column_text text_color=&#8220;#000000&#8243;]<\/p>\n<p style=\"text-align: center;\">Wir w\u00fcnschen Ihnen einen sch\u00f6nen Aufenthalt,<\/p>\n<p style=\"text-align: center;\">Ihr Top-Taxi Team Zell am See \/ Kaprun<\/p>\n<p>[\/vc_column_text][\/vc_column][\/vc_row]<\/p><\/div>\n<\/div>","protected":false},"excerpt":{"rendered":"<p> [&hellip;]<\/p>\n","protected":false},"author":1,"featured_media":1720,"parent":0,"menu_order":0,"comment_status":"closed","ping_status":"closed","template":"","meta":{"footnotes":""},"class_list":["post-1770","page","type-page","status-publish","has-post-thumbnail","hentry"],"_links":{"self":[{"href":"https:\/\/www.taxi-zellamsee.at\/de\/wp-json\/wp\/v2\/pages\/1770","targetHints":{"allow":["GET"]}}],"collection":[{"href":"https:\/\/www.taxi-zellamsee.at\/de\/wp-json\/wp\/v2\/pages"}],"about":[{"href":"https:\/\/www.taxi-zellamsee.at\/de\/wp-json\/wp\/v2\/types\/page"}],"author":[{"embeddable":true,"href":"https:\/\/www.taxi-zellamsee.at\/de\/wp-json\/wp\/v2\/users\/1"}],"replies":[{"embeddable":true,"href":"https:\/\/www.taxi-zellamsee.at\/de\/wp-json\/wp\/v2\/comments?post=1770"}],"version-history":[{"count":10,"href":"https:\/\/www.taxi-zellamsee.at\/de\/wp-json\/wp\/v2\/pages\/1770\/revisions"}],"predecessor-version":[{"id":1968,"href":"https:\/\/www.taxi-zellamsee.at\/de\/wp-json\/wp\/v2\/pages\/1770\/revisions\/1968"}],"wp:featuredmedia":[{"embeddable":true,"href":"https:\/\/www.taxi-zellamsee.at\/de\/wp-json\/wp\/v2\/media\/1720"}],"wp:attachment":[{"href":"https:\/\/www.taxi-zellamsee.at\/de\/wp-json\/wp\/v2\/media?parent=1770"}],"curies":[{"name":"wp","href":"https:\/\/api.w.org\/{rel}","templated":true}]}}