{"id":1786,"date":"2019-07-09T21:10:58","date_gmt":"2019-07-09T19:10:58","guid":{"rendered":"https:\/\/www.taxi-zellamsee.at\/datenschutz_richtlinien\/"},"modified":"2024-07-02T00:20:02","modified_gmt":"2024-07-01T22:20:02","slug":"datenschutz_richtlinien","status":"publish","type":"page","link":"https:\/\/www.taxi-zellamsee.at\/de\/datenschutz_richtlinien\/","title":{"rendered":"datenschutz_richtlinien"},"content":{"rendered":"<div class=\"wpb-content-wrapper\"><div class=\"ef3-gtb-block wp-block-\">\n<p>[vc_row full_width=&#8220;stretch_row&#8220; css=&#8220;.vc_custom_1719001962826{background-image: url(https:\/\/www.taxi-zellamsee.at\/wp-content\/uploads\/2024\/06\/neo-urban-1734494_1920.jpg?id=1486) !important;}&#8220;][vc_column][vc_column_text text_color=&#8220;#ffffff&#8220;]<\/p>\n<p style=\"text-align: center;\"><strong>Wer wir sind :<\/strong><\/p>\n<p style=\"text-align: center;\">Taxi Zell am See<br \/>\nThumersbacherstr. 5<br \/>\nA &#8211; 5700 Zell am See<\/p>\n<p style=\"text-align: center;\"><strong>Die Adresse unserer Website lautet:<\/strong> http:\/\/www.taxi-zellamsee.at.<\/p>\n<p style=\"text-align: center;\"><strong>Welche pers\u00f6nlichen Daten wir sammeln und warum wir sie sammeln:<\/strong><\/p>\n<p style=\"text-align: center;\">Wenn Besucher Kommentare auf der Website hinterlassen, erfassen wir die im Kommentarformular angezeigten Daten sowie die IP-Adresse des Besuchers und den User-Agent-String des Browsers, um die Spam-Erkennung zu erleichtern. Eine anonymisierte Zeichenfolge, die aus Ihrer E-Mail-Adresse erstellt wird (auch Hash genannt), kann dem Gravatar-Dienst zur Verf\u00fcgung gestellt werden, um zu sehen, ob Sie ihn verwenden.<\/p>\n<p>Wenn Sie ein Kontaktformular auf unserer Website ausf\u00fcllen, k\u00f6nnen wir Ihren Namen, Ihre E-Mail-Adresse und Ihre Angaben in Cookies speichern. Dies dient Ihrer Bequemlichkeit, damit Sie Ihre Daten nicht erneut eingeben m\u00fcssen, wenn Sie ein anderes Kontaktformular ausf\u00fcllen. Diese Cookies sind ein Jahr lang g\u00fcltig.<\/p>\n<p style=\"text-align: center;\"><strong>Eingebettete Inhalte von anderen Websites<\/strong><\/p>\n<p style=\"text-align: center;\">Beitr\u00e4ge auf dieser Website k\u00f6nnen eingebettete Inhalte enthalten (z. B. Videos, Bilder, Beitr\u00e4ge usw.). Eingebettete Inhalte von anderen Websites verhalten sich genau so, als ob der Besucher die andere Website besucht h\u00e4tte.<\/p>\n<p style=\"text-align: center;\">Diese Websites k\u00f6nnen Daten \u00fcber Sie sammeln, Cookies verwenden, zus\u00e4tzliche Trackingfunktionen von Drittanbietern einbetten und Ihre Interaktion mit diesen eingebetteten Inhalten \u00fcberwachen, einschlie\u00dflich der Verfolgung Ihrer Interaktion mit den eingebetteten Inhalten.<\/p>\n<p style=\"text-align: center;\"><strong>Mit wem teilen wir Ihre Daten?<\/strong><br \/>\n<strong>Wie lange bewahren wir Ihre Daten auf?<\/strong><\/p>\n<p style=\"text-align: center;\">Wenn Sie das Formular ausf\u00fcllen, bleiben der Kommentar und seine Metadaten erhalten, bis die Bestellung abgeschlossen ist. So k\u00f6nnen wir jede Bestellung bzw. Frage \u00fcberpr\u00fcfen. Danach l\u00f6schen wir alle von Ihnen eingegebenen Daten nach 6 Monaten.<\/p>\n<p style=\"text-align: center;\">F\u00fcr Benutzer, die sich auf unserer Website registrieren (falls vorhanden), speichern wir auch die pers\u00f6nlichen Daten, die sie in ihrem Benutzerprofil angeben. Alle Benutzer k\u00f6nnen ihre pers\u00f6nlichen Daten jederzeit einsehen, \u00e4ndern oder l\u00f6schen (mit der Ausnahme, dass sie ihren Benutzernamen nicht \u00e4ndern k\u00f6nnen). Website-Administratoren k\u00f6nnen diese Informationen ebenfalls einsehen und bearbeiten.<\/p>\n<p style=\"text-align: center;\"><strong>Welche Rechte Sie \u00fcber Ihre Daten haben<\/strong><\/p>\n<p style=\"text-align: center;\">Wenn Sie ein Konto auf dieser Website haben oder Kommentare hinterlassen haben, k\u00f6nnen Sie eine exportierte Datei der pers\u00f6nlichen Daten anfordern, die wir \u00fcber Sie gespeichert haben, einschlie\u00dflich aller Daten, die Sie uns zur Verf\u00fcgung gestellt haben. Sie k\u00f6nnen auch verlangen, dass wir alle pers\u00f6nlichen Daten, die wir \u00fcber Sie gespeichert haben, l\u00f6schen. Dies gilt nicht f\u00fcr Daten, die wir aus administrativen, rechtlichen oder Sicherheitsgr\u00fcnden aufbewahren m\u00fcssen.<\/p>\n<p style=\"text-align: center;\"><strong>Wohin senden wir Ihre Daten?<\/strong><\/p>\n<p style=\"text-align: center;\">Wir senden oder geben sie an niemanden weiter, aber alle Besucherkommentare k\u00f6nnen durch einen automatischen Spam-Erkennungsdienst \u00fcberpr\u00fcft werden. Wir bewahren Ihre Kontaktinformationen maximal 6 Monate lang auf.<\/p>\n<p style=\"text-align: center;\"><strong>Wie sch\u00fctzen wir Ihre Daten?<\/strong><br \/>\nGanz einfach, nach sechs Monaten wird alles gel\u00f6scht.<\/p>\n<p>[\/vc_column_text][\/vc_column][\/vc_row]<\/p>\n<\/div>\n<\/div>","protected":false},"excerpt":{"rendered":"<p> [&hellip;]<\/p>\n","protected":false},"author":1,"featured_media":0,"parent":0,"menu_order":0,"comment_status":"closed","ping_status":"closed","template":"","meta":{"footnotes":""},"class_list":["post-1786","page","type-page","status-publish","hentry"],"_links":{"self":[{"href":"https:\/\/www.taxi-zellamsee.at\/de\/wp-json\/wp\/v2\/pages\/1786","targetHints":{"allow":["GET"]}}],"collection":[{"href":"https:\/\/www.taxi-zellamsee.at\/de\/wp-json\/wp\/v2\/pages"}],"about":[{"href":"https:\/\/www.taxi-zellamsee.at\/de\/wp-json\/wp\/v2\/types\/page"}],"author":[{"embeddable":true,"href":"https:\/\/www.taxi-zellamsee.at\/de\/wp-json\/wp\/v2\/users\/1"}],"replies":[{"embeddable":true,"href":"https:\/\/www.taxi-zellamsee.at\/de\/wp-json\/wp\/v2\/comments?post=1786"}],"version-history":[{"count":2,"href":"https:\/\/www.taxi-zellamsee.at\/de\/wp-json\/wp\/v2\/pages\/1786\/revisions"}],"predecessor-version":[{"id":1790,"href":"https:\/\/www.taxi-zellamsee.at\/de\/wp-json\/wp\/v2\/pages\/1786\/revisions\/1790"}],"wp:attachment":[{"href":"https:\/\/www.taxi-zellamsee.at\/de\/wp-json\/wp\/v2\/media?parent=1786"}],"curies":[{"name":"wp","href":"https:\/\/api.w.org\/{rel}","templated":true}]}}