{"id":1815,"date":"2024-06-29T13:52:00","date_gmt":"2024-06-29T11:52:00","guid":{"rendered":"https:\/\/www.taxi-zellamsee.at\/taxitarif\/"},"modified":"2024-07-02T21:17:11","modified_gmt":"2024-07-02T19:17:11","slug":"taxitarif","status":"publish","type":"page","link":"https:\/\/www.taxi-zellamsee.at\/de\/taxitarif\/","title":{"rendered":"taxitarif"},"content":{"rendered":"<div class=\"wpb-content-wrapper\"><div class=\"ef3-gtb-block wp-block-\">\n<p>[vc_row][vc_column][vc_column_text]<\/p>\n<h3 style=\"text-align: center;\">Taxi Tarif Zell am See \/ Kaprun<\/h3>\n<p>[\/vc_column_text][\/vc_column][\/vc_row][vc_row][vc_column][vc_single_image image=&#8220;1513&#8243; img_size=&#8220;full&#8220;][\/vc_column][\/vc_row][vc_row][vc_column][vc_column_text text_color=&#8220;#000000&#8243;]<\/p>\n<h5 style=\"text-align: center;\">F\u00fcr Taxifahrten innerhalb der Gemeinden Zell am See, Kaprun, Maishofen und Bruck an der Glocknerstra\u00dfe m\u00fcssen folgende Tarife berechnet werden:<\/h5>\n<p>1. Als grundtaxe<br \/>\n&#8211; an Werktagen von 6 bis 21 Uhr \u20ac 6,50<br \/>\n&#8211; nachts von 21 Uhr bis 6 Uhr und ganzt\u00e4gig an Sonn- und Feiertagen \u20ac 7,50.<\/p>\n<p>Der Basistarif umfasst die erste Strecke von 1350 m oder die erste Wartezeit von 322,07 Sekunden oder Teile davon.<\/p>\n<p>2. als Streckensteuer f\u00fcr die auf die urspr\u00fcngliche Strecke folgende Strecke 0,30 \u20ac je angefangene 114,59 m<\/p>\n<p>3. Die Zeitgeb\u00fchr f\u00fcr die anf\u00e4ngliche Wartezeit von 27,34 Sekunden betr\u00e4gt 0,30 \u20ac.<\/p>\n<p>4. als Aufpreis \u20ac3,20.<\/p>\n<p>Zuschl\u00e4ge d\u00fcrfen nur erhoben werden:<\/p>\n<p>1. f\u00fcr die Montage von Ketten 3 Zuschl\u00e4ge<br \/>\n2. f\u00fcr den Transport von mehr als 4 Personen 1 Aufpreis pro Person<br \/>\n5. f\u00fcr Bergtouren, n\u00e4mlich<\/p>\n<p><strong>Zell am See:<\/strong><br \/>\nSchmittenh\u00f6he von der Br\u00fccke aus,<br \/>\nSchmittenweg Kreuzung 1 Zuschl\u00e4g<br \/>\nJaga Alm 2 Zuschl\u00e4ge<br \/>\nMitterberg 2 Zuschl\u00e4ge<br \/>\nErlbergweg 4 Zuschl\u00e4ge<br \/>\nSonnberg, von Sonnbergstra\u00dfe17 1 Zuschl\u00e4g<br \/>\nPfefferbauer 1 Zuschl\u00e4g<br \/>\nGrafleiten 1 Zuschl\u00e4g<br \/>\nSchoberalm 1 Zuschl\u00e4g<br \/>\nKeilberg 1 Aufpreis<br \/>\nZellermoos 1 Zuschl\u00e4g<br \/>\nThumersbach Gebiet 1 Zuschl\u00e4g<\/p>\n<p><strong>Kaprun:<\/strong><br \/>\nGuggenbichl 1 Zuschl\u00e4g<br \/>\nEntalweg 1 Zuschl\u00e4g<br \/>\nTalstation Gletscherbahn Kaprun 2 Zuschl\u00e4ge<br \/>\nHotel First Mountain 2 Zuschl\u00e4ge<br \/>\n&#8222;Wei\u00dfenstein&#8220;\/Polarb\u00e4r 1 Zuschl\u00e4g<br \/>\n&#8222;Stangerbauer&#8220;\/Schaufelberg 2 Zuschl\u00e4ge<\/p>\n<p><strong>Bruck an der Glocknerstra\u00dfe:<\/strong><br \/>\nBergstation Kohlschait 1 Zuschl\u00e4g<br \/>\nSteuergericht 2 Zuschl\u00e4ge<\/p>\n<p><strong>Piesendorf:<\/strong><br \/>\nPiesendorf Berg 1 Zuschl\u00e4g<br \/>\n&#8222;Naglk\u00f6pfl&#8220; 2 Zuschl\u00e4ge<br \/>\nAufhausen von der Kirche 2 Zuschl\u00e4ge<\/p>\n<p>Es gelten alle Gebirgszuschl\u00e4ge sowie alle aktuellen Mautgeb\u00fchren.<br \/>\nDie Bef\u00f6rderung des Gep\u00e4cks der Passagiere und der Tiere wird nicht gesondert berechnet. Der Transport von Umzugsgut wie Kleinm\u00f6beln, sperrigen G\u00fctern usw. unterliegt der freien Vereinbarung.<\/p>\n<p>Bei Beschwerden wenden Sie sich bitte an:<\/p>\n<p><strong>TOP TAXI e.U.<\/strong><br \/>\n<strong>Thumersbacherstra\u00dfe 5\/14<\/strong><br \/>\n<strong>A- 5700 Zell am See<\/strong><br \/>\nTelefon (06542) 73232<br \/>\nE-Mail: top-taxi@sol.at<br \/>\noder:<\/p>\n<p><strong>Amt der Salzburger Landesregierung<\/strong><br \/>\nAbteilung 5, Abteilung Verbraucherschutz<br \/>\nFanny-von-Lehnert-Stra\u00dfe 1,<br \/>\nA-5020 Salzburg<br \/>\nTelefon (0662) 8042-3467<br \/>\nHerr Mag. Alexander Pr\u00e4hauser<br \/>\noder Fax (0662) 8042-3489<br \/>\nE-Mail: konsumentenschutz@salzburg.gv.at<\/p>\n<p>&nbsp;[\/vc_column_text][vc_column_text]<\/p>\n<p style=\"text-align: center;\">Taxi Zell am See \/ Kaprun<\/p>\n<p>[\/vc_column_text][\/vc_column][\/vc_row]<\/p>\n<\/div>\n<\/div>","protected":false},"excerpt":{"rendered":"<p> [&hellip;]<\/p>\n","protected":false},"author":1,"featured_media":0,"parent":0,"menu_order":0,"comment_status":"closed","ping_status":"closed","template":"","meta":{"footnotes":""},"class_list":["post-1815","page","type-page","status-publish","hentry"],"_links":{"self":[{"href":"https:\/\/www.taxi-zellamsee.at\/de\/wp-json\/wp\/v2\/pages\/1815","targetHints":{"allow":["GET"]}}],"collection":[{"href":"https:\/\/www.taxi-zellamsee.at\/de\/wp-json\/wp\/v2\/pages"}],"about":[{"href":"https:\/\/www.taxi-zellamsee.at\/de\/wp-json\/wp\/v2\/types\/page"}],"author":[{"embeddable":true,"href":"https:\/\/www.taxi-zellamsee.at\/de\/wp-json\/wp\/v2\/users\/1"}],"replies":[{"embeddable":true,"href":"https:\/\/www.taxi-zellamsee.at\/de\/wp-json\/wp\/v2\/comments?post=1815"}],"version-history":[{"count":5,"href":"https:\/\/www.taxi-zellamsee.at\/de\/wp-json\/wp\/v2\/pages\/1815\/revisions"}],"predecessor-version":[{"id":1868,"href":"https:\/\/www.taxi-zellamsee.at\/de\/wp-json\/wp\/v2\/pages\/1815\/revisions\/1868"}],"wp:attachment":[{"href":"https:\/\/www.taxi-zellamsee.at\/de\/wp-json\/wp\/v2\/media?parent=1815"}],"curies":[{"name":"wp","href":"https:\/\/api.w.org\/{rel}","templated":true}]}}